{"id":845,"date":"2016-08-29T15:31:33","date_gmt":"2016-08-29T13:31:33","guid":{"rendered":"http:\/\/haus-koessler.at.w014ec6f.kasserver.com\/en\/kontakt-lage\/"},"modified":"2022-08-24T08:12:45","modified_gmt":"2022-08-24T06:12:45","slug":"contact-location","status":"publish","type":"page","link":"https:\/\/www.haus-koessler.at\/en\/contact-location\/","title":{"rendered":"Contact &#038; Location"},"content":{"rendered":"<div class=\"wpb-content-wrapper\"><p>[vc_row][vc_column][vc_column_text]<\/p>\n<h1>Contact &amp; Directions<\/h1>\n<h2>HOLIDAY APARTMENTS &amp; ROOMS in Radstadt, Ferienhaus K\u00f6ssler<\/h2>\n<p>[\/vc_column_text][\/vc_column][\/vc_row][vc_row css=&#8221;.vc_custom_1472564246333{background-color: #ffffff !important;}&#8221; el_class=&#8221;hintergrund&#8221;][vc_column width=&#8221;1\/2&#8243;][vc_single_image image=&#8221;108&#8243; img_size=&#8221;medium&#8221;][\/vc_column][vc_column width=&#8221;1\/2&#8243;][vc_column_text]<\/p>\n<h3>Ferienhaus K\u00f6ssler<\/h3>\n<p>[\/vc_column_text][vc_column_text]Family K\u00f6ssler<\/p>\n<p>H\u00f6ggenstra\u00dfe 10<\/p>\n<p>A-5550 Radstadt<\/p>\n<p>Tel. <a href=\"tel:+4364527596\">+43 6452 75 96<\/a><\/p>\n<p>Fax +43 6452 75 96 19<\/p>\n<p><a href=\"mailto:info@haus-koessler.at\">Send an email<\/a>[\/vc_column_text][\/vc_column][\/vc_row][vc_row][vc_column][vc_column_text]<\/p>\n<h3>Your journey to our Ferienhaus in Radstadt<\/h3>\n<p>[\/vc_column_text][\/vc_column][\/vc_row][vc_row el_class=&#8221;abstand-unten-0&#8243;][vc_column][vc_column_text]<\/p>\n<h4>Arrival by Car<\/h4>\n<p>[\/vc_column_text][vc_column_text]<\/p>\n<div id=\"correction_area\" class=\"form-item no-affixes\">\n<div class=\"form-textarea\">Enter the following GPS data into your navigation device (UTM): Latitude: 47.377455, Longitude: 13.47144306.<\/div>\n<\/div>\n<p>[\/vc_column_text][\/vc_column][\/vc_row][vc_row][vc_column][\/vc_column][\/vc_row][vc_row][vc_column][vc_column_text]<\/p>\n<h5>Current traffic conditions on Austria&#8217;s roads (\u00d6AMTC)<\/h5>\n<p>[\/vc_column_text][vc_column_text]<\/p>\n<div class=\"form-textarea\">\n<p>Please find out about <a href=\"http:\/\/www.oeamtc.at\/\" target=\"_blank\">current traffic conditions in Austria<\/a> before leaving home. Also note that a toll-sticker is required if you wish to drive on the Austrian autobahns.<\/p>\n<\/div>\n<p>[\/vc_column_text][\/vc_column][\/vc_row][vc_row][vc_column][vc_separator][\/vc_column][\/vc_row][vc_row][vc_column width=&#8221;1\/3&#8243;][vc_single_image image=&#8221;126&#8243; img_size=&#8221;small&#8221; onclick=&#8221;link_image&#8221;][\/vc_column][vc_column width=&#8221;2\/3&#8243;][vc_column_text]<\/p>\n<h4>Arrival by Train<\/h4>\n<p>[\/vc_column_text][vc_column_text css=&#8221;.vc_custom_1474974131694{margin-bottom: 20px !important;}&#8221;]The train station in Radstadt is also on express lines and is located only 1.5 kilometers from our Ferienhaus. Current railway timetables are available from:[\/vc_column_text][vc_row_inner][vc_column_inner width=&#8221;1\/2&#8243;][vc_column_text]<\/p>\n<ul>\n<li><a href=\"http:\/\/www.oebb.at\/\" target=\"_blank\">Austrian Railways<\/a><\/li>\n<li><a href=\"http:\/\/www.bahn.de\" target=\"_blank\">German Rail<\/a><\/li>\n<\/ul>\n<p>[\/vc_column_text][\/vc_column_inner][vc_column_inner width=&#8221;1\/2&#8243;][vc_column_text]<\/p>\n<ul>\n<li><a href=\"http:\/\/www.sbb.ch\/home.html\" target=\"_blank\">Swiss Rail<\/a><\/li>\n<li><a href=\"http:\/\/www.trenitalia.com\/\" target=\"_blank\">Italian Railways<\/a><\/li>\n<\/ul>\n<p>[\/vc_column_text][\/vc_column_inner][\/vc_row_inner][\/vc_column][\/vc_row][vc_row][vc_column][vc_separator][\/vc_column][\/vc_row][vc_row][vc_column width=&#8221;2\/3&#8243;][vc_column_text]<\/p>\n<h4>Arrival by Air<\/h4>\n<p>[\/vc_column_text][vc_column_text el_class=&#8221;abstand-unten-0&#8243; css=&#8221;.vc_custom_1474974237584{margin-bottom: 20px !important;}&#8221;]The closest airport is Salzburg W. A. Mozart Airport, which is about 73 km from here. Munich Franz Josef Strauss Airport is ca. 240 km away.[\/vc_column_text][vc_row_inner][vc_column_inner width=&#8221;1\/3&#8243;][vc_column_text]<\/p>\n<ul>\n<li><a href=\"http:\/\/www.germanwings.com\/\" target=\"_blank\">German Wings<\/a><\/li>\n<li><a href=\"https:\/\/www.norwegian.com\" target=\"_blank\">Norwegian<\/a><\/li>\n<\/ul>\n<p>[\/vc_column_text][\/vc_column_inner][vc_column_inner width=&#8221;1\/3&#8243;][vc_column_text]<\/p>\n<ul>\n<li><a href=\"http:\/\/www.ryanair.com\/\" target=\"_blank\">Ryan Air<\/a><\/li>\n<li><a href=\"http:\/\/www.austrian.com\/\" target=\"_blank\">AUA\/Lufthansa<\/a><\/li>\n<\/ul>\n<p>[\/vc_column_text][\/vc_column_inner][vc_column_inner width=&#8221;1\/3&#8243;][vc_column_text]<\/p>\n<ul>\n<li><a href=\"http:\/\/www.airberlin.com\/\" target=\"_blank\">Air Berlin<\/a><\/li>\n<li><a href=\"http:\/\/www.britishairways.com\/\" target=\"_blank\">British Airways<\/a><\/li>\n<\/ul>\n<p>[\/vc_column_text][\/vc_column_inner][\/vc_row_inner][\/vc_column][vc_column width=&#8221;1\/3&#8243;][vc_single_image image=&#8221;127&#8243; img_size=&#8221;small&#8221; onclick=&#8221;link_image&#8221;][\/vc_column][\/vc_row][vc_row][vc_column][vc_separator][\/vc_column][\/vc_row][vc_row][vc_column width=&#8221;1\/3&#8243;][vc_single_image image=&#8221;128&#8243; img_size=&#8221;small&#8221; onclick=&#8221;link_image&#8221;][\/vc_column][vc_column width=&#8221;2\/3&#8243;][vc_column_text]<\/p>\n<h4>Taxis &amp; Airports Transfers<\/h4>\n<p>[\/vc_column_text][vc_column_text css=&#8221;.vc_custom_1474974308124{margin-bottom: 20px !important;}&#8221;]<\/p>\n<div class=\"wpb_text_column wpb_content_element \">The following taxi companies and shuttle-service providers are happy to assist you upon arrival and departure.<\/div>\n<p>[\/vc_column_text][vc_row_inner][vc_column_inner width=&#8221;1\/3&#8243;][vc_column_text]<\/p>\n<ul>\n<li><a href=\"https:\/\/www.habersatter-reisen.at\/processing\/transfer-buchen.php?a=1&amp;langdef=en\" target=\"_blank\">Habersatter Reisen<\/a>(recommended)<\/li>\n<li><a href=\"http:\/\/www.huberreisen.at\/\" target=\"_blank\">Taxi Huber<\/a><\/li>\n<\/ul>\n<p>[\/vc_column_text][\/vc_column_inner][vc_column_inner width=&#8221;1\/3&#8243;][vc_column_text]<\/p>\n<ul>\n<li><a href=\"http:\/\/www.taxi-pongau.at\/\" target=\"_blank\">VIP Taxi<\/a><\/li>\n<li><a href=\"http:\/\/www.taxi3000.at\/\" target=\"_blank\">Taxi 3000<\/a><\/li>\n<\/ul>\n<p>[\/vc_column_text][\/vc_column_inner][vc_column_inner width=&#8221;1\/3&#8243;][vc_column_text]<\/p>\n<ul>\n<li><a href=\"http:\/\/www.taxireiter.at\/\" target=\"_blank\">Taxi Reiter<\/a><\/li>\n<\/ul>\n<p>[\/vc_column_text][\/vc_column_inner][\/vc_row_inner][\/vc_column][\/vc_row]<\/p>\n<\/div>","protected":false},"excerpt":{"rendered":"<p>[vc_row][vc_column][vc_column_text] Contact &amp; Directions HOLIDAY APARTMENTS &amp; ROOMS in Radstadt, Ferienhaus K\u00f6ssler [\/vc_column_text][\/vc_column][\/vc_row][vc_row css=&#8221;.vc_custom_1472564246333{background-color: #ffffff !important;}&#8221; el_class=&#8221;hintergrund&#8221;][vc_column width=&#8221;1\/2&#8243;][vc_single_image image=&#8221;108&#8243; img_size=&#8221;medium&#8221;][\/vc_column][vc_column width=&#8221;1\/2&#8243;][vc_column_text] Ferienhaus K\u00f6ssler [\/vc_column_text][vc_column_text]Family K\u00f6ssler H\u00f6ggenstra\u00dfe 10 A-5550 Radstadt Tel. +43 6452 75 96 Fax +43 6452 75 96 19 Send an email[\/vc_column_text][\/vc_column][\/vc_row][vc_row][vc_column][vc_column_text] Your journey to our Ferienhaus in Radstadt [\/vc_column_text][\/vc_column][\/vc_row][vc_row el_class=&#8221;abstand-unten-0&#8243;][vc_column][vc_column_text] Arrival by Car &hellip;<\/p>\n\n<p><a class=\"readmore btn btn-default btn-default btn-block\" href=\"https:\/\/www.haus-koessler.at\/en\/contact-location\/\">Read More<\/a><\/p>","protected":false},"author":1,"featured_media":832,"parent":0,"menu_order":23,"comment_status":"closed","ping_status":"closed","template":"","meta":{"_acf_changed":false,"rs_blank_template":"","rs_page_bg_color":"","slide_template_v7":"","footnotes":""},"class_list":["post-845","page","type-page","status-publish","has-post-thumbnail","hentry"],"acf":[],"yoast_head":"<!-- This site is optimized with the Yoast SEO plugin v27.0 - https:\/\/yoast.com\/product\/yoast-seo-wordpress\/ -->\n<title>Contact &amp; Location - Ferienhaus K\u00f6ssler, Radstadt<\/title>\n<meta name=\"description\" content=\"Contact us at: Ferienhaus K\u00f6ssler, H\u00f6ggenstra\u00dfe 10, A-5550 Radstadt, Tel. +43 6452 75 96, Fax +43 6452 75 96 19, info@haus-koessler.at\" \/>\n<meta name=\"robots\" content=\"index, follow, max-snippet:-1, max-image-preview:large, max-video-preview:-1\" \/>\n<link rel=\"canonical\" href=\"https:\/\/www.haus-koessler.at\/kontakt-lage\/\" \/>\n<meta property=\"og:locale\" content=\"en_US\" \/>\n<meta property=\"og:type\" content=\"article\" \/>\n<meta property=\"og:title\" content=\"Contact &amp; Location - Ferienhaus K\u00f6ssler, Radstadt\" \/>\n<meta property=\"og:description\" content=\"Contact us at: Ferienhaus K\u00f6ssler, H\u00f6ggenstra\u00dfe 10, A-5550 Radstadt, Tel. +43 6452 75 96, Fax +43 6452 75 96 19, info@haus-koessler.at\" \/>\n<meta property=\"og:url\" content=\"https:\/\/www.haus-koessler.at\/kontakt-lage\/\" \/>\n<meta property=\"og:site_name\" content=\"Haus K\u00f6ssler\" \/>\n<meta property=\"article:modified_time\" content=\"2022-08-24T06:12:45+00:00\" \/>\n<meta property=\"og:image\" content=\"https:\/\/www.haus-koessler.at\/wp-content\/uploads\/haus-koessler-radstadt-2.jpg\" \/>\n\t<meta property=\"og:image:width\" content=\"1920\" \/>\n\t<meta property=\"og:image:height\" content=\"710\" \/>\n\t<meta property=\"og:image:type\" content=\"image\/jpeg\" \/>\n<meta name=\"twitter:card\" content=\"summary_large_image\" \/>\n<meta name=\"twitter:label1\" content=\"Est. reading time\" \/>\n\t<meta name=\"twitter:data1\" content=\"3 minutes\" \/>\n<script type=\"application\/ld+json\" class=\"yoast-schema-graph\">{\"@context\":\"https:\/\/schema.org\",\"@graph\":[{\"@type\":\"WebPage\",\"@id\":\"https:\/\/www.haus-koessler.at\/kontakt-lage\/\",\"url\":\"https:\/\/www.haus-koessler.at\/kontakt-lage\/\",\"name\":\"Contact & Location - Ferienhaus K\u00f6ssler, Radstadt\",\"isPartOf\":{\"@id\":\"https:\/\/www.haus-koessler.at\/#website\"},\"primaryImageOfPage\":{\"@id\":\"https:\/\/www.haus-koessler.at\/kontakt-lage\/#primaryimage\"},\"image\":{\"@id\":\"https:\/\/www.haus-koessler.at\/kontakt-lage\/#primaryimage\"},\"thumbnailUrl\":\"https:\/\/www.haus-koessler.at\/wp-content\/uploads\/haus-koessler-radstadt-2.jpg\",\"datePublished\":\"2016-08-29T13:31:33+00:00\",\"dateModified\":\"2022-08-24T06:12:45+00:00\",\"description\":\"Contact us at: Ferienhaus K\u00f6ssler, H\u00f6ggenstra\u00dfe 10, A-5550 Radstadt, Tel. +43 6452 75 96, Fax +43 6452 75 96 19, info@haus-koessler.at\",\"breadcrumb\":{\"@id\":\"https:\/\/www.haus-koessler.at\/kontakt-lage\/#breadcrumb\"},\"inLanguage\":\"en-US\",\"potentialAction\":[{\"@type\":\"ReadAction\",\"target\":[\"https:\/\/www.haus-koessler.at\/kontakt-lage\/\"]}]},{\"@type\":\"ImageObject\",\"inLanguage\":\"en-US\",\"@id\":\"https:\/\/www.haus-koessler.at\/kontakt-lage\/#primaryimage\",\"url\":\"https:\/\/www.haus-koessler.at\/wp-content\/uploads\/haus-koessler-radstadt-2.jpg\",\"contentUrl\":\"https:\/\/www.haus-koessler.at\/wp-content\/uploads\/haus-koessler-radstadt-2.jpg\",\"width\":1920,\"height\":710},{\"@type\":\"BreadcrumbList\",\"@id\":\"https:\/\/www.haus-koessler.at\/kontakt-lage\/#breadcrumb\",\"itemListElement\":[{\"@type\":\"ListItem\",\"position\":1,\"name\":\"Home\",\"item\":\"https:\/\/www.haus-koessler.at\/en\/\"},{\"@type\":\"ListItem\",\"position\":2,\"name\":\"Contact &#038; Location\"}]},{\"@type\":\"WebSite\",\"@id\":\"https:\/\/www.haus-koessler.at\/#website\",\"url\":\"https:\/\/www.haus-koessler.at\/\",\"name\":\"Haus K\u00f6ssler\",\"description\":\"Ferienwohnungen in Radstadt\",\"potentialAction\":[{\"@type\":\"SearchAction\",\"target\":{\"@type\":\"EntryPoint\",\"urlTemplate\":\"https:\/\/www.haus-koessler.at\/?s={search_term_string}\"},\"query-input\":{\"@type\":\"PropertyValueSpecification\",\"valueRequired\":true,\"valueName\":\"search_term_string\"}}],\"inLanguage\":\"en-US\"}]}<\/script>\n<!-- \/ Yoast SEO plugin. -->","yoast_head_json":{"title":"Contact & Location - Ferienhaus K\u00f6ssler, Radstadt","description":"Contact us at: Ferienhaus K\u00f6ssler, H\u00f6ggenstra\u00dfe 10, A-5550 Radstadt, Tel. +43 6452 75 96, Fax +43 6452 75 96 19, info@haus-koessler.at","robots":{"index":"index","follow":"follow","max-snippet":"max-snippet:-1","max-image-preview":"max-image-preview:large","max-video-preview":"max-video-preview:-1"},"canonical":"https:\/\/www.haus-koessler.at\/kontakt-lage\/","og_locale":"en_US","og_type":"article","og_title":"Contact & Location - Ferienhaus K\u00f6ssler, Radstadt","og_description":"Contact us at: Ferienhaus K\u00f6ssler, H\u00f6ggenstra\u00dfe 10, A-5550 Radstadt, Tel. +43 6452 75 96, Fax +43 6452 75 96 19, info@haus-koessler.at","og_url":"https:\/\/www.haus-koessler.at\/kontakt-lage\/","og_site_name":"Haus K\u00f6ssler","article_modified_time":"2022-08-24T06:12:45+00:00","og_image":[{"width":1920,"height":710,"url":"https:\/\/www.haus-koessler.at\/wp-content\/uploads\/haus-koessler-radstadt-2.jpg","type":"image\/jpeg"}],"twitter_card":"summary_large_image","twitter_misc":{"Est. reading time":"3 minutes"},"schema":{"@context":"https:\/\/schema.org","@graph":[{"@type":"WebPage","@id":"https:\/\/www.haus-koessler.at\/kontakt-lage\/","url":"https:\/\/www.haus-koessler.at\/kontakt-lage\/","name":"Contact & Location - Ferienhaus K\u00f6ssler, Radstadt","isPartOf":{"@id":"https:\/\/www.haus-koessler.at\/#website"},"primaryImageOfPage":{"@id":"https:\/\/www.haus-koessler.at\/kontakt-lage\/#primaryimage"},"image":{"@id":"https:\/\/www.haus-koessler.at\/kontakt-lage\/#primaryimage"},"thumbnailUrl":"https:\/\/www.haus-koessler.at\/wp-content\/uploads\/haus-koessler-radstadt-2.jpg","datePublished":"2016-08-29T13:31:33+00:00","dateModified":"2022-08-24T06:12:45+00:00","description":"Contact us at: Ferienhaus K\u00f6ssler, H\u00f6ggenstra\u00dfe 10, A-5550 Radstadt, Tel. +43 6452 75 96, Fax +43 6452 75 96 19, info@haus-koessler.at","breadcrumb":{"@id":"https:\/\/www.haus-koessler.at\/kontakt-lage\/#breadcrumb"},"inLanguage":"en-US","potentialAction":[{"@type":"ReadAction","target":["https:\/\/www.haus-koessler.at\/kontakt-lage\/"]}]},{"@type":"ImageObject","inLanguage":"en-US","@id":"https:\/\/www.haus-koessler.at\/kontakt-lage\/#primaryimage","url":"https:\/\/www.haus-koessler.at\/wp-content\/uploads\/haus-koessler-radstadt-2.jpg","contentUrl":"https:\/\/www.haus-koessler.at\/wp-content\/uploads\/haus-koessler-radstadt-2.jpg","width":1920,"height":710},{"@type":"BreadcrumbList","@id":"https:\/\/www.haus-koessler.at\/kontakt-lage\/#breadcrumb","itemListElement":[{"@type":"ListItem","position":1,"name":"Home","item":"https:\/\/www.haus-koessler.at\/en\/"},{"@type":"ListItem","position":2,"name":"Contact &#038; Location"}]},{"@type":"WebSite","@id":"https:\/\/www.haus-koessler.at\/#website","url":"https:\/\/www.haus-koessler.at\/","name":"Haus K\u00f6ssler","description":"Ferienwohnungen in Radstadt","potentialAction":[{"@type":"SearchAction","target":{"@type":"EntryPoint","urlTemplate":"https:\/\/www.haus-koessler.at\/?s={search_term_string}"},"query-input":{"@type":"PropertyValueSpecification","valueRequired":true,"valueName":"search_term_string"}}],"inLanguage":"en-US"}]}},"_links":{"self":[{"href":"https:\/\/www.haus-koessler.at\/en\/wp-json\/wp\/v2\/pages\/845","targetHints":{"allow":["GET"]}}],"collection":[{"href":"https:\/\/www.haus-koessler.at\/en\/wp-json\/wp\/v2\/pages"}],"about":[{"href":"https:\/\/www.haus-koessler.at\/en\/wp-json\/wp\/v2\/types\/page"}],"author":[{"embeddable":true,"href":"https:\/\/www.haus-koessler.at\/en\/wp-json\/wp\/v2\/users\/1"}],"replies":[{"embeddable":true,"href":"https:\/\/www.haus-koessler.at\/en\/wp-json\/wp\/v2\/comments?post=845"}],"version-history":[{"count":10,"href":"https:\/\/www.haus-koessler.at\/en\/wp-json\/wp\/v2\/pages\/845\/revisions"}],"predecessor-version":[{"id":1915,"href":"https:\/\/www.haus-koessler.at\/en\/wp-json\/wp\/v2\/pages\/845\/revisions\/1915"}],"wp:featuredmedia":[{"embeddable":true,"href":"https:\/\/www.haus-koessler.at\/en\/wp-json\/wp\/v2\/media\/832"}],"wp:attachment":[{"href":"https:\/\/www.haus-koessler.at\/en\/wp-json\/wp\/v2\/media?parent=845"}],"curies":[{"name":"wp","href":"https:\/\/api.w.org\/{rel}","templated":true}]}}