{"id":853,"date":"2016-08-29T15:28:26","date_gmt":"2016-08-29T13:28:26","guid":{"rendered":"http:\/\/haus-koessler.at.w014ec6f.kasserver.com\/en\/bildergalerie\/"},"modified":"2022-03-06T18:23:38","modified_gmt":"2022-03-06T17:23:38","slug":"photo-gallery","status":"publish","type":"page","link":"https:\/\/www.haus-koessler.at\/en\/photo-gallery\/","title":{"rendered":"Photo Gallery"},"content":{"rendered":"<div class=\"wpb-content-wrapper\"><p>[vc_row][vc_column][vc_column_text]<\/p>\n<h1>Photo Gallery<\/h1>\n<h2>ImpressionS FROM Ferienhaus K\u00f6ssler in Radstadt, Salzburger Land<\/h2>\n<p>[\/vc_column_text][\/vc_column][\/vc_row][vc_row][vc_column][vc_column_text]<\/p>\n<div id=\"jig1\" class=\"justified-image-grid jig-f7fcf956119acff44146c95623e1e07d jig-preset-global jig-source-wp-gallery\"><div class=\"jig-clearfix\"><\/div><noscript id=\"jig1-html\" class=\"justified-image-grid-html\" data-lazy-src=\"skiplazyload\" data-src=\"skipunveillazyload\"><ul><li><a href=\"https:\/\/www.haus-koessler.at\/wp-content\/uploads\/fru\u0308hstu\u0308cksraum-ferienhaus-radstadt-01-1024x683.jpg\"><img decoding=\"async\" src=\"https:\/\/www.haus-koessler.at\/wp-content\/plugins\/justified-image-grid\/timthumb.php?src=https%3A%2F%2Fwww.haus-koessler.at%2Fwp-content%2Fuploads%2Ffru%CC%88hstu%CC%88cksraum-ferienhaus-radstadt-01-1024x683.jpg&amp;h=290&amp;q=90&amp;f=.jpg\" alt=\"Fr\u00fchst\u00fccksraum im Haus K\u00f6ssler \u2013 Ferienwohnungen &amp; Zimmer in Radstadt, Salzburger Land, Ski amad\u00e9\" width=\"434\" height=\"290\" \/><\/a><p class=\"jig-HTMLdescription\">Fr\u00fchst\u00fccksraum im Haus K\u00f6ssler \u2013 Ferienwohnungen & Zimmer in Radstadt, Salzburger Land, Ski amad\u00e9<\/p><\/li><li><a href=\"https:\/\/www.haus-koessler.at\/wp-content\/uploads\/ferienwohnungen-radstadt-salzburger-land-04-1024x683.jpg\"><img decoding=\"async\" src=\"https:\/\/www.haus-koessler.at\/wp-content\/plugins\/justified-image-grid\/timthumb.php?src=https%3A%2F%2Fwww.haus-koessler.at%2Fwp-content%2Fuploads%2Fferienwohnungen-radstadt-salzburger-land-04-1024x683.jpg&amp;h=290&amp;q=90&amp;f=.jpg\" alt=\"Sch\u00f6ne Ferienwohnungen in Radstadt, Ski amad\u00e9 f\u00fcr 2 \u2013 5 Personen, direkt am Golfplatz\" width=\"434\" height=\"290\" \/><\/a><p class=\"jig-HTMLdescription\">Sch\u00f6ne Ferienwohnungen in Radstadt, Ski amad\u00e9 f\u00fcr 2 \u2013 5 Personen, direkt am Golfplatz<\/p><\/li><li><a href=\"https:\/\/www.haus-koessler.at\/wp-content\/uploads\/dreibettzimmer-haus-koessler-radstadt-02-1024x683.jpg\"><img decoding=\"async\" src=\"https:\/\/www.haus-koessler.at\/wp-content\/plugins\/justified-image-grid\/timthumb.php?src=https%3A%2F%2Fwww.haus-koessler.at%2Fwp-content%2Fuploads%2Fdreibettzimmer-haus-koessler-radstadt-02-1024x683.jpg&amp;h=290&amp;q=90&amp;f=.jpg\" alt=\"Gem\u00fctliche Doppelzimmer &amp; Dreibettzimmer in Radstadt, Salzburger Land\" width=\"434\" height=\"290\" \/><\/a><p class=\"jig-HTMLdescription\">Gem\u00fctliche Doppelzimmer & Dreibettzimmer in Radstadt, Salzburger Land<\/p><\/li><li><a href=\"https:\/\/www.haus-koessler.at\/wp-content\/uploads\/doppelzimmer-haus-koessler-radstadt-06-683x1024.jpg\"><img decoding=\"async\" src=\"https:\/\/www.haus-koessler.at\/wp-content\/plugins\/justified-image-grid\/timthumb.php?src=https%3A%2F%2Fwww.haus-koessler.at%2Fwp-content%2Fuploads%2Fdoppelzimmer-haus-koessler-radstadt-06-683x1024.jpg&amp;h=290&amp;q=90&amp;f=.jpg\" alt=\"Gem\u00fctliche Doppelzimmer &amp; Dreibettzimmer in Radstadt, Salzburger Land\" width=\"193\" height=\"290\" \/><\/a><p class=\"jig-HTMLdescription\">Gem\u00fctliche Doppelzimmer & Dreibettzimmer in Radstadt, Salzburger Land<\/p><\/li><li><a href=\"https:\/\/www.haus-koessler.at\/wp-content\/uploads\/schwimmen-sommerurlaub-radstadt-1-1024x683.jpg\"><img decoding=\"async\" src=\"https:\/\/www.haus-koessler.at\/wp-content\/plugins\/justified-image-grid\/timthumb.php?src=https%3A%2F%2Fwww.haus-koessler.at%2Fwp-content%2Fuploads%2Fschwimmen-sommerurlaub-radstadt-1-1024x683.jpg&amp;h=290&amp;q=90&amp;f=.jpg\" alt=\"Schwimmen im Sommerurlaub in Radstadt, Salzburger Land\" width=\"434\" height=\"290\" \/><\/a><p class=\"jig-HTMLdescription\">Schwimmen im Sommerurlaub in Radstadt, Salzburger Land<\/p><\/li><li><a href=\"https:\/\/www.haus-koessler.at\/wp-content\/uploads\/wanderurlaub-radstadt-salzburg-2-1024x683.jpg\"><img decoding=\"async\" src=\"https:\/\/www.haus-koessler.at\/wp-content\/plugins\/justified-image-grid\/timthumb.php?src=https%3A%2F%2Fwww.haus-koessler.at%2Fwp-content%2Fuploads%2Fwanderurlaub-radstadt-salzburg-2-1024x683.jpg&amp;h=290&amp;q=90&amp;f=.jpg\" alt=\"Wandern im Sommerurlaub in Radstadt, Salzburger Land\" width=\"434\" height=\"290\" \/><\/a><p class=\"jig-HTMLdescription\">Wandern im Sommerurlaub in Radstadt, Salzburger Land<\/p><\/li><li><a href=\"https:\/\/www.haus-koessler.at\/wp-content\/uploads\/dreibettzimmer-haus-koessler-radstadt-04-1024x683.jpg\"><img decoding=\"async\" src=\"https:\/\/www.haus-koessler.at\/wp-content\/plugins\/justified-image-grid\/timthumb.php?src=https%3A%2F%2Fwww.haus-koessler.at%2Fwp-content%2Fuploads%2Fdreibettzimmer-haus-koessler-radstadt-04-1024x683.jpg&amp;h=290&amp;q=90&amp;f=.jpg\" alt=\"Ferienhaus K\u00f6ssler in Radstadt, Salzburger Land \u2013\u00a0Zimmer &amp; Ferienwohnungen im Ski amad\u00e9, Salzburger Land\" width=\"434\" height=\"290\" \/><\/a><p class=\"jig-HTMLdescription\">Ferienhaus K\u00f6ssler in Radstadt, Salzburger Land \u2013\u00a0Zimmer & Ferienwohnungen im Ski amad\u00e9, Salzburger Land<\/p><\/li><li><a href=\"https:\/\/www.haus-koessler.at\/wp-content\/uploads\/langlaufen-winterurlaub-radstadt-1-1024x683.jpg\"><img decoding=\"async\" src=\"https:\/\/www.haus-koessler.at\/wp-content\/plugins\/justified-image-grid\/timthumb.php?src=https%3A%2F%2Fwww.haus-koessler.at%2Fwp-content%2Fuploads%2Flanglaufen-winterurlaub-radstadt-1-1024x683.jpg&amp;h=290&amp;q=90&amp;f=.jpg\" alt=\"Langlaufen im Winterurlaub in Radstadt, Salzburg\" width=\"434\" height=\"290\" \/><\/a><p class=\"jig-HTMLdescription\">Langlaufen im Winterurlaub in Radstadt, Salzburg<\/p><\/li><li><a href=\"https:\/\/www.haus-koessler.at\/wp-content\/uploads\/rodeln-winterurlaub-radstadt-1-1024x683.jpg\"><img decoding=\"async\" src=\"https:\/\/www.haus-koessler.at\/wp-content\/plugins\/justified-image-grid\/timthumb.php?src=https%3A%2F%2Fwww.haus-koessler.at%2Fwp-content%2Fuploads%2Frodeln-winterurlaub-radstadt-1-1024x683.jpg&amp;h=290&amp;q=90&amp;f=.jpg\" alt=\"Rodeln im Winterurlaub in Radstadt, Salzburg\" width=\"434\" height=\"290\" \/><\/a><p class=\"jig-HTMLdescription\">Rodeln im Winterurlaub in Radstadt, Salzburg<\/p><\/li><\/ul><\/noscript><\/div>\n<p>[\/vc_column_text][\/vc_column][\/vc_row][vc_row][vc_column width=&#8221;1\/2&#8243;][vc_column_text]<span class=\"button-block\"><a href=\"https:\/\/www.haus-koessler.at\/en\/rooms-radstadt-salzburger-land\/\">Rooms &amp; Prices<\/a><\/span>[\/vc_column_text][\/vc_column][vc_column width=&#8221;1\/2&#8243;][vc_column_text]<span class=\"button-block\"><a href=\"https:\/\/www.haus-koessler.at\/en\/apartments-radstadt-salzburger-land\/\">Holiday Apartments &amp; Prices<\/a><\/span>[\/vc_column_text][\/vc_column][\/vc_row]<\/p>\n<\/div>","protected":false},"excerpt":{"rendered":"<p>[vc_row][vc_column][vc_column_text] Photo Gallery ImpressionS FROM Ferienhaus K\u00f6ssler in Radstadt, Salzburger Land [\/vc_column_text][\/vc_column][\/vc_row][vc_row][vc_column][vc_column_text] [\/vc_column_text][\/vc_column][\/vc_row][vc_row][vc_column width=&#8221;1\/2&#8243;][vc_column_text]Rooms &amp; Prices[\/vc_column_text][\/vc_column][vc_column width=&#8221;1\/2&#8243;][vc_column_text]Holiday Apartments &amp; Prices[\/vc_column_text][\/vc_column][\/vc_row]<\/p>\n\n<p><a class=\"readmore btn btn-default btn-default btn-block\" href=\"https:\/\/www.haus-koessler.at\/en\/photo-gallery\/\">Read More<\/a><\/p>","protected":false},"author":1,"featured_media":0,"parent":0,"menu_order":5,"comment_status":"closed","ping_status":"closed","template":"","meta":{"_acf_changed":false,"rs_blank_template":"","rs_page_bg_color":"","slide_template_v7":"","footnotes":""},"class_list":["post-853","page","type-page","status-publish","hentry"],"acf":[],"yoast_head":"<!-- This site is optimized with the Yoast SEO plugin v27.0 - https:\/\/yoast.com\/product\/yoast-seo-wordpress\/ -->\n<title>Photo Gallery - Haus K\u00f6ssler<\/title>\n<meta name=\"robots\" content=\"index, follow, max-snippet:-1, max-image-preview:large, max-video-preview:-1\" \/>\n<link rel=\"canonical\" href=\"https:\/\/www.haus-koessler.at\/bildergalerie\/\" \/>\n<meta property=\"og:locale\" content=\"en_US\" \/>\n<meta property=\"og:type\" content=\"article\" \/>\n<meta property=\"og:title\" content=\"Photo Gallery - Haus K\u00f6ssler\" \/>\n<meta property=\"og:description\" content=\"[vc_row][vc_column][vc_column_text] Photo Gallery ImpressionS FROM Ferienhaus K\u00f6ssler in Radstadt, Salzburger Land [\/vc_column_text][\/vc_column][\/vc_row][vc_row][vc_column][vc_column_text] [\/vc_column_text][\/vc_column][\/vc_row][vc_row][vc_column width=&#8221;1\/2&#8243;][vc_column_text]Rooms &amp; Prices[\/vc_column_text][\/vc_column][vc_column width=&#8221;1\/2&#8243;][vc_column_text]Holiday Apartments &amp; Prices[\/vc_column_text][\/vc_column][\/vc_row]\" \/>\n<meta property=\"og:url\" content=\"https:\/\/www.haus-koessler.at\/bildergalerie\/\" \/>\n<meta property=\"og:site_name\" content=\"Haus K\u00f6ssler\" \/>\n<meta property=\"article:modified_time\" content=\"2022-03-06T17:23:38+00:00\" \/>\n<meta property=\"og:image\" content=\"http:\/\/skiplazyload\" \/>\n<meta name=\"twitter:card\" content=\"summary_large_image\" \/>\n<script type=\"application\/ld+json\" class=\"yoast-schema-graph\">{\"@context\":\"https:\/\/schema.org\",\"@graph\":[{\"@type\":\"WebPage\",\"@id\":\"https:\/\/www.haus-koessler.at\/bildergalerie\/\",\"url\":\"https:\/\/www.haus-koessler.at\/bildergalerie\/\",\"name\":\"Photo Gallery - Haus K\u00f6ssler\",\"isPartOf\":{\"@id\":\"https:\/\/www.haus-koessler.at\/#website\"},\"datePublished\":\"2016-08-29T13:28:26+00:00\",\"dateModified\":\"2022-03-06T17:23:38+00:00\",\"breadcrumb\":{\"@id\":\"https:\/\/www.haus-koessler.at\/bildergalerie\/#breadcrumb\"},\"inLanguage\":\"en-US\",\"potentialAction\":[{\"@type\":\"ReadAction\",\"target\":[\"https:\/\/www.haus-koessler.at\/bildergalerie\/\"]}]},{\"@type\":\"BreadcrumbList\",\"@id\":\"https:\/\/www.haus-koessler.at\/bildergalerie\/#breadcrumb\",\"itemListElement\":[{\"@type\":\"ListItem\",\"position\":1,\"name\":\"Home\",\"item\":\"https:\/\/www.haus-koessler.at\/en\/\"},{\"@type\":\"ListItem\",\"position\":2,\"name\":\"Photo Gallery\"}]},{\"@type\":\"WebSite\",\"@id\":\"https:\/\/www.haus-koessler.at\/#website\",\"url\":\"https:\/\/www.haus-koessler.at\/\",\"name\":\"Haus K\u00f6ssler\",\"description\":\"Ferienwohnungen in Radstadt\",\"potentialAction\":[{\"@type\":\"SearchAction\",\"target\":{\"@type\":\"EntryPoint\",\"urlTemplate\":\"https:\/\/www.haus-koessler.at\/?s={search_term_string}\"},\"query-input\":{\"@type\":\"PropertyValueSpecification\",\"valueRequired\":true,\"valueName\":\"search_term_string\"}}],\"inLanguage\":\"en-US\"}]}<\/script>\n<!-- \/ Yoast SEO plugin. -->","yoast_head_json":{"title":"Photo Gallery - Haus K\u00f6ssler","robots":{"index":"index","follow":"follow","max-snippet":"max-snippet:-1","max-image-preview":"max-image-preview:large","max-video-preview":"max-video-preview:-1"},"canonical":"https:\/\/www.haus-koessler.at\/bildergalerie\/","og_locale":"en_US","og_type":"article","og_title":"Photo Gallery - Haus K\u00f6ssler","og_description":"[vc_row][vc_column][vc_column_text] Photo Gallery ImpressionS FROM Ferienhaus K\u00f6ssler in Radstadt, Salzburger Land [\/vc_column_text][\/vc_column][\/vc_row][vc_row][vc_column][vc_column_text] [\/vc_column_text][\/vc_column][\/vc_row][vc_row][vc_column width=&#8221;1\/2&#8243;][vc_column_text]Rooms &amp; Prices[\/vc_column_text][\/vc_column][vc_column width=&#8221;1\/2&#8243;][vc_column_text]Holiday Apartments &amp; Prices[\/vc_column_text][\/vc_column][\/vc_row]","og_url":"https:\/\/www.haus-koessler.at\/bildergalerie\/","og_site_name":"Haus K\u00f6ssler","article_modified_time":"2022-03-06T17:23:38+00:00","og_image":[{"url":"skiplazyload","type":"","width":"","height":""}],"twitter_card":"summary_large_image","schema":{"@context":"https:\/\/schema.org","@graph":[{"@type":"WebPage","@id":"https:\/\/www.haus-koessler.at\/bildergalerie\/","url":"https:\/\/www.haus-koessler.at\/bildergalerie\/","name":"Photo Gallery - Haus K\u00f6ssler","isPartOf":{"@id":"https:\/\/www.haus-koessler.at\/#website"},"datePublished":"2016-08-29T13:28:26+00:00","dateModified":"2022-03-06T17:23:38+00:00","breadcrumb":{"@id":"https:\/\/www.haus-koessler.at\/bildergalerie\/#breadcrumb"},"inLanguage":"en-US","potentialAction":[{"@type":"ReadAction","target":["https:\/\/www.haus-koessler.at\/bildergalerie\/"]}]},{"@type":"BreadcrumbList","@id":"https:\/\/www.haus-koessler.at\/bildergalerie\/#breadcrumb","itemListElement":[{"@type":"ListItem","position":1,"name":"Home","item":"https:\/\/www.haus-koessler.at\/en\/"},{"@type":"ListItem","position":2,"name":"Photo Gallery"}]},{"@type":"WebSite","@id":"https:\/\/www.haus-koessler.at\/#website","url":"https:\/\/www.haus-koessler.at\/","name":"Haus K\u00f6ssler","description":"Ferienwohnungen in Radstadt","potentialAction":[{"@type":"SearchAction","target":{"@type":"EntryPoint","urlTemplate":"https:\/\/www.haus-koessler.at\/?s={search_term_string}"},"query-input":{"@type":"PropertyValueSpecification","valueRequired":true,"valueName":"search_term_string"}}],"inLanguage":"en-US"}]}},"_links":{"self":[{"href":"https:\/\/www.haus-koessler.at\/en\/wp-json\/wp\/v2\/pages\/853","targetHints":{"allow":["GET"]}}],"collection":[{"href":"https:\/\/www.haus-koessler.at\/en\/wp-json\/wp\/v2\/pages"}],"about":[{"href":"https:\/\/www.haus-koessler.at\/en\/wp-json\/wp\/v2\/types\/page"}],"author":[{"embeddable":true,"href":"https:\/\/www.haus-koessler.at\/en\/wp-json\/wp\/v2\/users\/1"}],"replies":[{"embeddable":true,"href":"https:\/\/www.haus-koessler.at\/en\/wp-json\/wp\/v2\/comments?post=853"}],"version-history":[{"count":3,"href":"https:\/\/www.haus-koessler.at\/en\/wp-json\/wp\/v2\/pages\/853\/revisions"}],"predecessor-version":[{"id":976,"href":"https:\/\/www.haus-koessler.at\/en\/wp-json\/wp\/v2\/pages\/853\/revisions\/976"}],"wp:attachment":[{"href":"https:\/\/www.haus-koessler.at\/en\/wp-json\/wp\/v2\/media?parent=853"}],"curies":[{"name":"wp","href":"https:\/\/api.w.org\/{rel}","templated":true}]}}